{"id":3813,"date":"2025-04-16T08:57:12","date_gmt":"2025-04-16T06:57:12","guid":{"rendered":"https:\/\/haushaltsaufloesungenamniederrhein.de\/?page_id=3813"},"modified":"2025-04-18T12:23:26","modified_gmt":"2025-04-18T10:23:26","slug":"impressum","status":"publish","type":"page","link":"https:\/\/haushaltsaufloesungenamniederrhein.de\/index.php\/impressum\/","title":{"rendered":"Impressum"},"content":{"rendered":"\t\t<div data-elementor-type=\"wp-page\" data-elementor-id=\"3813\" class=\"elementor elementor-3813\">\n\t\t\t\t<div class=\"elementor-element elementor-element-4c9d28f e-con-full e-flex wpr-particle-no wpr-jarallax-no wpr-parallax-no wpr-sticky-section-no wpr-equal-height-no e-con e-parent\" data-id=\"4c9d28f\" data-element_type=\"container\" data-e-type=\"container\">\n\t\t<div class=\"elementor-element elementor-element-4ef5c8d e-con-full e-flex wpr-particle-no wpr-jarallax-no wpr-parallax-no wpr-sticky-section-no wpr-equal-height-no e-con e-child\" data-id=\"4ef5c8d\" data-element_type=\"container\" data-e-type=\"container\">\n\t\t<div class=\"elementor-element elementor-element-14f0b82 e-flex e-con-boxed wpr-particle-no wpr-jarallax-no wpr-parallax-no wpr-sticky-section-no wpr-equal-height-no e-con e-child\" data-id=\"14f0b82\" data-element_type=\"container\" data-e-type=\"container\">\n\t\t\t\t\t<div class=\"e-con-inner\">\n\t\t\t\t<div class=\"elementor-element elementor-element-36f7d01 animated-slow elementor-invisible elementor-widget elementor-widget-heading\" data-id=\"36f7d01\" data-element_type=\"widget\" data-e-type=\"widget\" data-settings=\"{&quot;_animation&quot;:&quot;fadeInDown&quot;,&quot;_animation_delay&quot;:200}\" data-widget_type=\"heading.default\">\n\t\t\t\t<div class=\"elementor-widget-container\">\n\t\t\t\t\t<h5 class=\"elementor-heading-title elementor-size-default\">Rechtliches<\/h5>\t\t\t\t<\/div>\n\t\t\t\t<\/div>\n\t\t\t\t<div class=\"elementor-element elementor-element-c0cc778 animated-slow elementor-invisible elementor-widget elementor-widget-heading\" data-id=\"c0cc778\" data-element_type=\"widget\" data-e-type=\"widget\" data-settings=\"{&quot;_animation&quot;:&quot;fadeInDown&quot;}\" data-widget_type=\"heading.default\">\n\t\t\t\t<div class=\"elementor-widget-container\">\n\t\t\t\t\t<h2 class=\"elementor-heading-title elementor-size-default\">Impressum<\/h2>\t\t\t\t<\/div>\n\t\t\t\t<\/div>\n\t\t<div class=\"elementor-element elementor-element-7e8d338 e-con-full e-flex wpr-particle-no wpr-jarallax-no wpr-parallax-no wpr-sticky-section-no wpr-equal-height-no e-con e-child\" data-id=\"7e8d338\" data-element_type=\"container\" data-e-type=\"container\">\n\t\t<div class=\"elementor-element elementor-element-cf5c7d9 e-con-full e-flex wpr-particle-no wpr-jarallax-no wpr-parallax-no wpr-sticky-section-no wpr-equal-height-no e-con e-child\" data-id=\"cf5c7d9\" data-element_type=\"container\" data-e-type=\"container\">\n\t\t\t\t<div class=\"elementor-element elementor-element-ae7e7d5 elementor-widget elementor-widget-spacer\" data-id=\"ae7e7d5\" data-element_type=\"widget\" data-e-type=\"widget\" data-widget_type=\"spacer.default\">\n\t\t\t\t<div class=\"elementor-widget-container\">\n\t\t\t\t\t\t\t<div class=\"elementor-spacer\">\n\t\t\t<div class=\"elementor-spacer-inner\"><\/div>\n\t\t<\/div>\n\t\t\t\t\t\t<\/div>\n\t\t\t\t<\/div>\n\t\t\t\t<div class=\"elementor-element elementor-element-ba60542 elementor-widget elementor-widget-text-editor\" data-id=\"ba60542\" data-element_type=\"widget\" data-e-type=\"widget\" data-widget_type=\"text-editor.default\">\n\t\t\t\t<div class=\"elementor-widget-container\">\n\t\t\t\t\t\t\t\t\t<p>Haushaltsaufl\u00f6sungen am Niederrhein<\/p><p>Frank Wittkowski<\/p><p>Bachstr. 1<br \/>47506 Neukirchen-Vluyn<br \/>Nordrhein-Westfalen<\/p><p>Telefon:\u00a0<a href=\"tel:+4928459486222\">02845 9486222<\/a><br \/>E-Mail:\u00a0<a href=\"mailto:info@haushaltsaufloesung-niederrhein.de\">info@haushaltsaufloesung-niederrhein.de<\/a><\/p><p>Steuernummer: 119\/ 5114 \/3857<br \/>Finanzamt Kamp-Lintfort<\/p>\t\t\t\t\t\t\t\t<\/div>\n\t\t\t\t<\/div>\n\t\t\t\t<\/div>\n\t\t<div class=\"elementor-element elementor-element-bb27e2c e-con-full e-flex wpr-particle-no wpr-jarallax-no wpr-parallax-no wpr-sticky-section-no wpr-equal-height-no e-con e-child\" data-id=\"bb27e2c\" data-element_type=\"container\" data-e-type=\"container\">\n\t\t\t\t<div class=\"elementor-element elementor-element-73c9755 animated-slow elementor-invisible elementor-widget elementor-widget-image\" data-id=\"73c9755\" data-element_type=\"widget\" data-e-type=\"widget\" data-settings=\"{&quot;_animation&quot;:&quot;swing&quot;,&quot;_animation_delay&quot;:200}\" data-widget_type=\"image.default\">\n\t\t\t\t<div class=\"elementor-widget-container\">\n\t\t\t\t\t\t\t\t\t\t\t\t\t\t\t<img fetchpriority=\"high\" decoding=\"async\" width=\"280\" height=\"300\" src=\"https:\/\/haushaltsaufloesungenamniederrhein.de\/wp-content\/uploads\/2025\/04\/impressum.svg\" class=\"attachment-medium size-medium wp-image-3817\" alt=\"\" \/>\t\t\t\t\t\t\t\t\t\t\t\t\t\t\t<\/div>\n\t\t\t\t<\/div>\n\t\t\t\t<div class=\"elementor-element elementor-element-23641ff elementor-widget elementor-widget-spacer\" data-id=\"23641ff\" data-element_type=\"widget\" data-e-type=\"widget\" data-widget_type=\"spacer.default\">\n\t\t\t\t<div class=\"elementor-widget-container\">\n\t\t\t\t\t\t\t<div class=\"elementor-spacer\">\n\t\t\t<div class=\"elementor-spacer-inner\"><\/div>\n\t\t<\/div>\n\t\t\t\t\t\t<\/div>\n\t\t\t\t<\/div>\n\t\t\t\t<\/div>\n\t\t\t\t<\/div>\n\t\t\t\t\t<\/div>\n\t\t\t\t<\/div>\n\t\t\t\t<\/div>\n\t\t\t\t<\/div>\n\t\t<div class=\"elementor-element elementor-element-428624d e-flex e-con-boxed wpr-particle-no wpr-jarallax-no wpr-parallax-no wpr-sticky-section-no wpr-equal-height-no e-con e-parent\" data-id=\"428624d\" data-element_type=\"container\" data-e-type=\"container\">\n\t\t\t\t\t<div class=\"e-con-inner\">\n\t\t\t\t<div class=\"elementor-element elementor-element-696eb31 elementor-widget elementor-widget-spacer\" data-id=\"696eb31\" data-element_type=\"widget\" data-e-type=\"widget\" data-widget_type=\"spacer.default\">\n\t\t\t\t<div class=\"elementor-widget-container\">\n\t\t\t\t\t\t\t<div class=\"elementor-spacer\">\n\t\t\t<div class=\"elementor-spacer-inner\"><\/div>\n\t\t<\/div>\n\t\t\t\t\t\t<\/div>\n\t\t\t\t<\/div>\n\t\t\t\t\t<\/div>\n\t\t\t\t<\/div>\n\t\t<div class=\"elementor-element elementor-element-9f00736 e-flex e-con-boxed wpr-particle-no wpr-jarallax-no wpr-parallax-no wpr-sticky-section-no wpr-equal-height-no e-con e-parent\" data-id=\"9f00736\" data-element_type=\"container\" data-e-type=\"container\">\n\t\t\t\t\t<div class=\"e-con-inner\">\n\t\t<div class=\"elementor-element elementor-element-fd5027c e-con-full e-flex wpr-particle-no wpr-jarallax-no wpr-parallax-no wpr-sticky-section-no wpr-equal-height-no e-con e-child\" data-id=\"fd5027c\" data-element_type=\"container\" data-e-type=\"container\">\n\t\t<div class=\"elementor-element elementor-element-ed5f325 e-con-full e-flex wpr-particle-no wpr-jarallax-no wpr-parallax-no wpr-sticky-section-no wpr-equal-height-no e-con e-child\" data-id=\"ed5f325\" data-element_type=\"container\" data-e-type=\"container\">\n\t\t<div class=\"elementor-element elementor-element-e5e263e e-con-full e-flex wpr-particle-no wpr-jarallax-no wpr-parallax-no wpr-sticky-section-no wpr-equal-height-no e-con e-child\" data-id=\"e5e263e\" data-element_type=\"container\" data-e-type=\"container\" data-settings=\"{&quot;background_background&quot;:&quot;classic&quot;}\">\n\t\t<div class=\"elementor-element elementor-element-a816b34 e-con-full e-flex wpr-particle-no wpr-jarallax-no wpr-parallax-no wpr-sticky-section-no wpr-equal-height-no e-con e-child\" data-id=\"a816b34\" data-element_type=\"container\" data-e-type=\"container\">\n\t\t<div class=\"elementor-element elementor-element-0218f0f e-con-full e-flex wpr-particle-no wpr-jarallax-no wpr-parallax-no wpr-sticky-section-no wpr-equal-height-no e-con e-child\" data-id=\"0218f0f\" data-element_type=\"container\" data-e-type=\"container\">\n\t\t<div class=\"elementor-element elementor-element-5bcf926 e-con-full animated-slow e-flex wpr-particle-no wpr-jarallax-no wpr-parallax-no wpr-sticky-section-no wpr-equal-height-no elementor-invisible e-con e-child\" data-id=\"5bcf926\" data-element_type=\"container\" data-e-type=\"container\" data-settings=\"{&quot;background_background&quot;:&quot;classic&quot;,&quot;animation&quot;:&quot;fadeInUp&quot;}\">\n\t\t\t\t<div class=\"elementor-element elementor-element-194e28a elementor-widget elementor-widget-text-editor\" data-id=\"194e28a\" data-element_type=\"widget\" data-e-type=\"widget\" data-widget_type=\"text-editor.default\">\n\t\t\t\t<div class=\"elementor-widget-container\">\n\t\t\t\t\t\t\t\t\t<p><strong>1.1 Anschrift<\/strong><\/p><p>Bachstr. 1<br \/>47506 Neukirchen-Vluyn<br \/>Nordrhein-Westfalen<\/p><p>Telefon:\u00a0<a href=\"tel:+4928459486222\">02845 9486222<\/a><br \/>E-Mail:\u00a0<a href=\"mailto:info@haushaltsaufloesung-niederrhein.de\">info@haushaltsaufloesung-niederrhein.de<\/a><\/p><p>Steuernummer: 119\/ 5114 \/3857<br \/>Finanzamt Kamp-Lintfort<\/p><p><strong>1.2 Bildnachweise<\/strong><\/p><p>Die Website verwendet unter anderem auch Bilder von Getty-images. Bilder und Grafiken vonGetty-images unterliegen dem Urheberrecht. Unerlaubte Verwendung, Reproduktion oder Weitergabe einzelner Inhalte oder kompletter Seiten werden sowohl straf- als auch zivilrechtlich verfolgt. Bei den verwendeten Bildern \/ Grafiken handelt es sich um Getty-images Bilder, die im Rahmen der bestehenden Lizenzvereinbarung genutzt werden.<\/p><p><strong>1.3 Urheberrecht<\/strong><\/p><p>Die durch die Seitenbetreiber erstellten Inhalte und Werke auf diesen Seiten unterliegen dem deutschen Urheberrecht. Die Vervielf\u00e4ltigung, Bearbeitung, Verbreitung und jede Art der Verwertung au\u00dferhalb der Grenzen des Urheberrechtes bed\u00fcrfen der schriftlichen Zustimmung des jeweiligen Autors bzw. Erstellers. Downloads und Kopien dieser Seite sind nur f\u00fcr den privaten, nicht kommerziellen Gebrauch gestattet. Soweit die Inhalte auf dieser Seite nicht vom Betreiber erstellt wurden, werden die Urheberrechte Dritter beachtet. Insbesondere werden Inhalte Dritter als solche gekennzeichnet. Sollten Sie trotzdem auf eine Urheberrechtsverletzung aufmerksam werden, bitten wir um einen entsprechenden Hinweis. Bei Bekanntwerden von Rechtsverletzungen werden wir derartige Inhalte umgehend entfernen.<\/p>\t\t\t\t\t\t\t\t<\/div>\n\t\t\t\t<\/div>\n\t\t\t\t<\/div>\n\t\t\t\t<\/div>\n\t\t\t\t<\/div>\n\t\t<div class=\"elementor-element elementor-element-0f7621e e-con-full e-flex wpr-particle-no wpr-jarallax-no wpr-parallax-no wpr-sticky-section-no wpr-equal-height-no e-con e-child\" data-id=\"0f7621e\" data-element_type=\"container\" data-e-type=\"container\">\n\t\t<div class=\"elementor-element elementor-element-555ce56 e-con-full e-flex wpr-particle-no wpr-jarallax-no wpr-parallax-no wpr-sticky-section-no wpr-equal-height-no e-con e-child\" data-id=\"555ce56\" data-element_type=\"container\" data-e-type=\"container\">\n\t\t\t\t<div data-htmega-element-link=\"{&quot;url&quot;:&quot;https:\\\/\\\/haushaltsaufloesungenamniederrhein.de\\\/&quot;,&quot;is_external&quot;:&quot;&quot;,&quot;nofollow&quot;:&quot;on&quot;,&quot;custom_attributes&quot;:&quot;&quot;}\" style=\"cursor: pointer\" class=\"htmega-element-link elementor-element elementor-element-743e945 elementor-invisible elementor-widget elementor-widget-hfe-breadcrumbs-widget\" data-id=\"743e945\" data-element_type=\"widget\" data-e-type=\"widget\" data-settings=\"{&quot;_animation&quot;:&quot;fadeInUp&quot;,&quot;_animation_delay&quot;:600}\" data-widget_type=\"hfe-breadcrumbs-widget.default\">\n\t\t\t\t<div class=\"elementor-widget-container\">\n\t\t\t\t\t<nav aria-label=\"Breadcrumb\"><ul class=\"hfe-breadcrumbs hfe-breadcrumbs-show-home\"><li class=\"hfe-breadcrumbs-item hfe-breadcrumbs-first\"><span class=\"hfe-breadcrumbs-home-icon\"><\/span><a href=\"https:\/\/haushaltsaufloesungenamniederrhein.de\"><span class=\"hfe-breadcrumbs-text\">Zur\u00fcck zur Startseite.<\/span><\/a><\/li><\/ul><\/nav>\t\t\t\t<\/div>\n\t\t\t\t<\/div>\n\t\t\t\t<\/div>\n\t\t\t\t<\/div>\n\t\t\t\t<\/div>\n\t\t\t\t<\/div>\n\t\t\t\t<\/div>\n\t\t\t\t\t<\/div>\n\t\t\t\t<\/div>\n\t\t<div class=\"elementor-element elementor-element-4c4e5e4 e-flex e-con-boxed wpr-particle-no wpr-jarallax-no wpr-parallax-no wpr-sticky-section-no wpr-equal-height-no e-con e-parent\" data-id=\"4c4e5e4\" data-element_type=\"container\" data-e-type=\"container\">\n\t\t\t\t\t<div class=\"e-con-inner\">\n\t\t\t\t<div class=\"elementor-element elementor-element-29252ed elementor-widget elementor-widget-spacer\" data-id=\"29252ed\" data-element_type=\"widget\" data-e-type=\"widget\" data-widget_type=\"spacer.default\">\n\t\t\t\t<div class=\"elementor-widget-container\">\n\t\t\t\t\t\t\t<div class=\"elementor-spacer\">\n\t\t\t<div class=\"elementor-spacer-inner\"><\/div>\n\t\t<\/div>\n\t\t\t\t\t\t<\/div>\n\t\t\t\t<\/div>\n\t\t\t\t\t<\/div>\n\t\t\t\t<\/div>\n\t\t\t\t<\/div>\n\t\t","protected":false},"excerpt":{"rendered":"<p>Rechtliches Impressum Haushaltsaufl\u00f6sungen am Niederrhein Frank Wittkowski Bachstr. 147506 Neukirchen-VluynNordrhein-Westfalen Telefon:\u00a002845 9486222E-Mail:\u00a0info@haushaltsaufloesung-niederrhein.de Steuernummer: 119\/ 5114 \/3857Finanzamt Kamp-Lintfort 1.1 Anschrift Bachstr. 147506 Neukirchen-VluynNordrhein-Westfalen Telefon:\u00a002845 9486222E-Mail:\u00a0info@haushaltsaufloesung-niederrhein.de Steuernummer: 119\/ 5114 \/3857Finanzamt Kamp-Lintfort 1.2 Bildnachweise Die Website verwendet unter anderem auch Bilder von Getty-images. Bilder und Grafiken vonGetty-images unterliegen dem Urheberrecht. Unerlaubte Verwendung, Reproduktion oder Weitergabe einzelner Inhalte oder kompletter Seiten werden sowohl straf- als auch zivilrechtlich verfolgt. Bei den verwendeten Bildern \/ Grafiken handelt es sich um Getty-images Bilder, die im Rahmen der bestehenden Lizenzvereinbarung genutzt werden. 1.3 Urheberrecht Die durch die Seitenbetreiber erstellten Inhalte und Werke auf diesen Seiten unterliegen dem deutschen Urheberrecht. Die Vervielf\u00e4ltigung, Bearbeitung, Verbreitung und jede Art der Verwertung au\u00dferhalb der Grenzen des Urheberrechtes bed\u00fcrfen der schriftlichen Zustimmung des jeweiligen Autors bzw. Erstellers. Downloads und Kopien dieser Seite sind nur f\u00fcr den privaten, nicht kommerziellen Gebrauch gestattet. Soweit die Inhalte auf dieser Seite nicht vom Betreiber erstellt wurden, werden die Urheberrechte Dritter beachtet. Insbesondere werden Inhalte Dritter als solche gekennzeichnet. Sollten Sie trotzdem auf eine Urheberrechtsverletzung aufmerksam werden, bitten wir um einen entsprechenden Hinweis. Bei Bekanntwerden von Rechtsverletzungen werden wir derartige Inhalte umgehend entfernen. Zur\u00fcck zur Startseite.<\/p>\n","protected":false},"author":3,"featured_media":0,"parent":0,"menu_order":0,"comment_status":"closed","ping_status":"closed","template":"","meta":{"inline_featured_image":false,"footnotes":""},"class_list":["post-3813","page","type-page","status-publish"],"yoast_head":"<!-- This site is optimized with the Yoast SEO plugin v27.2 - https:\/\/yoast.com\/product\/yoast-seo-wordpress\/ -->\n<title>Impressum - Haushaltsaufl\u00f6sungen am Niederrhein<\/title>\n<meta name=\"robots\" content=\"index, follow, max-snippet:-1, max-image-preview:large, max-video-preview:-1\" \/>\n<link rel=\"canonical\" href=\"https:\/\/haushaltsaufloesungenamniederrhein.de\/index.php\/impressum\/\" \/>\n<meta property=\"og:locale\" content=\"de_DE\" \/>\n<meta property=\"og:type\" content=\"article\" \/>\n<meta property=\"og:title\" content=\"Impressum - Haushaltsaufl\u00f6sungen am Niederrhein\" \/>\n<meta property=\"og:description\" content=\"Rechtliches Impressum Haushaltsaufl\u00f6sungen am Niederrhein Frank Wittkowski Bachstr. 147506 Neukirchen-VluynNordrhein-Westfalen Telefon:\u00a002845 9486222E-Mail:\u00a0info@haushaltsaufloesung-niederrhein.de Steuernummer: 119\/ 5114 \/3857Finanzamt Kamp-Lintfort 1.1 Anschrift Bachstr. 147506 Neukirchen-VluynNordrhein-Westfalen Telefon:\u00a002845 9486222E-Mail:\u00a0info@haushaltsaufloesung-niederrhein.de Steuernummer: 119\/ 5114 \/3857Finanzamt Kamp-Lintfort 1.2 Bildnachweise Die Website verwendet unter anderem auch Bilder von Getty-images. Bilder und Grafiken vonGetty-images unterliegen dem Urheberrecht. Unerlaubte Verwendung, Reproduktion oder Weitergabe einzelner Inhalte oder kompletter Seiten werden sowohl straf- als auch zivilrechtlich verfolgt. Bei den verwendeten Bildern \/ Grafiken handelt es sich um Getty-images Bilder, die im Rahmen der bestehenden Lizenzvereinbarung genutzt werden. 1.3 Urheberrecht Die durch die Seitenbetreiber erstellten Inhalte und Werke auf diesen Seiten unterliegen dem deutschen Urheberrecht. Die Vervielf\u00e4ltigung, Bearbeitung, Verbreitung und jede Art der Verwertung au\u00dferhalb der Grenzen des Urheberrechtes bed\u00fcrfen der schriftlichen Zustimmung des jeweiligen Autors bzw. Erstellers. Downloads und Kopien dieser Seite sind nur f\u00fcr den privaten, nicht kommerziellen Gebrauch gestattet. Soweit die Inhalte auf dieser Seite nicht vom Betreiber erstellt wurden, werden die Urheberrechte Dritter beachtet. Insbesondere werden Inhalte Dritter als solche gekennzeichnet. Sollten Sie trotzdem auf eine Urheberrechtsverletzung aufmerksam werden, bitten wir um einen entsprechenden Hinweis. Bei Bekanntwerden von Rechtsverletzungen werden wir derartige Inhalte umgehend entfernen. Zur\u00fcck zur Startseite.\" \/>\n<meta property=\"og:url\" content=\"https:\/\/haushaltsaufloesungenamniederrhein.de\/index.php\/impressum\/\" \/>\n<meta property=\"og:site_name\" content=\"Haushaltsaufl\u00f6sungen am Niederrhein\" \/>\n<meta property=\"article:modified_time\" content=\"2025-04-18T10:23:26+00:00\" \/>\n<meta name=\"twitter:card\" content=\"summary_large_image\" \/>\n<meta name=\"twitter:label1\" content=\"Gesch\u00e4tzte Lesezeit\" \/>\n\t<meta name=\"twitter:data1\" content=\"2\u00a0Minuten\" \/>\n<script type=\"application\/ld+json\" class=\"yoast-schema-graph\">{\"@context\":\"https:\/\/schema.org\",\"@graph\":[{\"@type\":\"WebPage\",\"@id\":\"https:\/\/haushaltsaufloesungenamniederrhein.de\/index.php\/impressum\/\",\"url\":\"https:\/\/haushaltsaufloesungenamniederrhein.de\/index.php\/impressum\/\",\"name\":\"Impressum - Haushaltsaufl\u00f6sungen am Niederrhein\",\"isPartOf\":{\"@id\":\"https:\/\/haushaltsaufloesungenamniederrhein.de\/#website\"},\"primaryImageOfPage\":{\"@id\":\"https:\/\/haushaltsaufloesungenamniederrhein.de\/index.php\/impressum\/#primaryimage\"},\"image\":{\"@id\":\"https:\/\/haushaltsaufloesungenamniederrhein.de\/index.php\/impressum\/#primaryimage\"},\"thumbnailUrl\":\"https:\/\/haushaltsaufloesungenamniederrhein.de\/wp-content\/uploads\/2025\/04\/impressum.svg\",\"datePublished\":\"2025-04-16T06:57:12+00:00\",\"dateModified\":\"2025-04-18T10:23:26+00:00\",\"breadcrumb\":{\"@id\":\"https:\/\/haushaltsaufloesungenamniederrhein.de\/index.php\/impressum\/#breadcrumb\"},\"inLanguage\":\"de\",\"potentialAction\":[{\"@type\":\"ReadAction\",\"target\":[\"https:\/\/haushaltsaufloesungenamniederrhein.de\/index.php\/impressum\/\"]}]},{\"@type\":\"ImageObject\",\"inLanguage\":\"de\",\"@id\":\"https:\/\/haushaltsaufloesungenamniederrhein.de\/index.php\/impressum\/#primaryimage\",\"url\":\"https:\/\/haushaltsaufloesungenamniederrhein.de\/wp-content\/uploads\/2025\/04\/impressum.svg\",\"contentUrl\":\"https:\/\/haushaltsaufloesungenamniederrhein.de\/wp-content\/uploads\/2025\/04\/impressum.svg\",\"width\":46,\"height\":49},{\"@type\":\"BreadcrumbList\",\"@id\":\"https:\/\/haushaltsaufloesungenamniederrhein.de\/index.php\/impressum\/#breadcrumb\",\"itemListElement\":[{\"@type\":\"ListItem\",\"position\":1,\"name\":\"Startseite\",\"item\":\"https:\/\/haushaltsaufloesungenamniederrhein.de\/\"},{\"@type\":\"ListItem\",\"position\":2,\"name\":\"Impressum\"}]},{\"@type\":\"WebSite\",\"@id\":\"https:\/\/haushaltsaufloesungenamniederrhein.de\/#website\",\"url\":\"https:\/\/haushaltsaufloesungenamniederrhein.de\/\",\"name\":\"Haushaltsaufl\u00f6sungen am Niederrhein\",\"description\":\"Ihr zuverl\u00e4ssiger Partner\",\"potentialAction\":[{\"@type\":\"SearchAction\",\"target\":{\"@type\":\"EntryPoint\",\"urlTemplate\":\"https:\/\/haushaltsaufloesungenamniederrhein.de\/?s={search_term_string}\"},\"query-input\":{\"@type\":\"PropertyValueSpecification\",\"valueRequired\":true,\"valueName\":\"search_term_string\"}}],\"inLanguage\":\"de\"}]}<\/script>\n<!-- \/ Yoast SEO plugin. -->","yoast_head_json":{"title":"Impressum - Haushaltsaufl\u00f6sungen am Niederrhein","robots":{"index":"index","follow":"follow","max-snippet":"max-snippet:-1","max-image-preview":"max-image-preview:large","max-video-preview":"max-video-preview:-1"},"canonical":"https:\/\/haushaltsaufloesungenamniederrhein.de\/index.php\/impressum\/","og_locale":"de_DE","og_type":"article","og_title":"Impressum - Haushaltsaufl\u00f6sungen am Niederrhein","og_description":"Rechtliches Impressum Haushaltsaufl\u00f6sungen am Niederrhein Frank Wittkowski Bachstr. 147506 Neukirchen-VluynNordrhein-Westfalen Telefon:\u00a002845 9486222E-Mail:\u00a0info@haushaltsaufloesung-niederrhein.de Steuernummer: 119\/ 5114 \/3857Finanzamt Kamp-Lintfort 1.1 Anschrift Bachstr. 147506 Neukirchen-VluynNordrhein-Westfalen Telefon:\u00a002845 9486222E-Mail:\u00a0info@haushaltsaufloesung-niederrhein.de Steuernummer: 119\/ 5114 \/3857Finanzamt Kamp-Lintfort 1.2 Bildnachweise Die Website verwendet unter anderem auch Bilder von Getty-images. Bilder und Grafiken vonGetty-images unterliegen dem Urheberrecht. Unerlaubte Verwendung, Reproduktion oder Weitergabe einzelner Inhalte oder kompletter Seiten werden sowohl straf- als auch zivilrechtlich verfolgt. Bei den verwendeten Bildern \/ Grafiken handelt es sich um Getty-images Bilder, die im Rahmen der bestehenden Lizenzvereinbarung genutzt werden. 1.3 Urheberrecht Die durch die Seitenbetreiber erstellten Inhalte und Werke auf diesen Seiten unterliegen dem deutschen Urheberrecht. Die Vervielf\u00e4ltigung, Bearbeitung, Verbreitung und jede Art der Verwertung au\u00dferhalb der Grenzen des Urheberrechtes bed\u00fcrfen der schriftlichen Zustimmung des jeweiligen Autors bzw. Erstellers. Downloads und Kopien dieser Seite sind nur f\u00fcr den privaten, nicht kommerziellen Gebrauch gestattet. Soweit die Inhalte auf dieser Seite nicht vom Betreiber erstellt wurden, werden die Urheberrechte Dritter beachtet. Insbesondere werden Inhalte Dritter als solche gekennzeichnet. Sollten Sie trotzdem auf eine Urheberrechtsverletzung aufmerksam werden, bitten wir um einen entsprechenden Hinweis. Bei Bekanntwerden von Rechtsverletzungen werden wir derartige Inhalte umgehend entfernen. Zur\u00fcck zur Startseite.","og_url":"https:\/\/haushaltsaufloesungenamniederrhein.de\/index.php\/impressum\/","og_site_name":"Haushaltsaufl\u00f6sungen am Niederrhein","article_modified_time":"2025-04-18T10:23:26+00:00","twitter_card":"summary_large_image","twitter_misc":{"Gesch\u00e4tzte Lesezeit":"2\u00a0Minuten"},"schema":{"@context":"https:\/\/schema.org","@graph":[{"@type":"WebPage","@id":"https:\/\/haushaltsaufloesungenamniederrhein.de\/index.php\/impressum\/","url":"https:\/\/haushaltsaufloesungenamniederrhein.de\/index.php\/impressum\/","name":"Impressum - Haushaltsaufl\u00f6sungen am Niederrhein","isPartOf":{"@id":"https:\/\/haushaltsaufloesungenamniederrhein.de\/#website"},"primaryImageOfPage":{"@id":"https:\/\/haushaltsaufloesungenamniederrhein.de\/index.php\/impressum\/#primaryimage"},"image":{"@id":"https:\/\/haushaltsaufloesungenamniederrhein.de\/index.php\/impressum\/#primaryimage"},"thumbnailUrl":"https:\/\/haushaltsaufloesungenamniederrhein.de\/wp-content\/uploads\/2025\/04\/impressum.svg","datePublished":"2025-04-16T06:57:12+00:00","dateModified":"2025-04-18T10:23:26+00:00","breadcrumb":{"@id":"https:\/\/haushaltsaufloesungenamniederrhein.de\/index.php\/impressum\/#breadcrumb"},"inLanguage":"de","potentialAction":[{"@type":"ReadAction","target":["https:\/\/haushaltsaufloesungenamniederrhein.de\/index.php\/impressum\/"]}]},{"@type":"ImageObject","inLanguage":"de","@id":"https:\/\/haushaltsaufloesungenamniederrhein.de\/index.php\/impressum\/#primaryimage","url":"https:\/\/haushaltsaufloesungenamniederrhein.de\/wp-content\/uploads\/2025\/04\/impressum.svg","contentUrl":"https:\/\/haushaltsaufloesungenamniederrhein.de\/wp-content\/uploads\/2025\/04\/impressum.svg","width":46,"height":49},{"@type":"BreadcrumbList","@id":"https:\/\/haushaltsaufloesungenamniederrhein.de\/index.php\/impressum\/#breadcrumb","itemListElement":[{"@type":"ListItem","position":1,"name":"Startseite","item":"https:\/\/haushaltsaufloesungenamniederrhein.de\/"},{"@type":"ListItem","position":2,"name":"Impressum"}]},{"@type":"WebSite","@id":"https:\/\/haushaltsaufloesungenamniederrhein.de\/#website","url":"https:\/\/haushaltsaufloesungenamniederrhein.de\/","name":"Haushaltsaufl\u00f6sungen am Niederrhein","description":"Ihr zuverl\u00e4ssiger Partner","potentialAction":[{"@type":"SearchAction","target":{"@type":"EntryPoint","urlTemplate":"https:\/\/haushaltsaufloesungenamniederrhein.de\/?s={search_term_string}"},"query-input":{"@type":"PropertyValueSpecification","valueRequired":true,"valueName":"search_term_string"}}],"inLanguage":"de"}]}},"_links":{"self":[{"href":"https:\/\/haushaltsaufloesungenamniederrhein.de\/index.php\/wp-json\/wp\/v2\/pages\/3813","targetHints":{"allow":["GET"]}}],"collection":[{"href":"https:\/\/haushaltsaufloesungenamniederrhein.de\/index.php\/wp-json\/wp\/v2\/pages"}],"about":[{"href":"https:\/\/haushaltsaufloesungenamniederrhein.de\/index.php\/wp-json\/wp\/v2\/types\/page"}],"author":[{"embeddable":true,"href":"https:\/\/haushaltsaufloesungenamniederrhein.de\/index.php\/wp-json\/wp\/v2\/users\/3"}],"replies":[{"embeddable":true,"href":"https:\/\/haushaltsaufloesungenamniederrhein.de\/index.php\/wp-json\/wp\/v2\/comments?post=3813"}],"version-history":[{"count":40,"href":"https:\/\/haushaltsaufloesungenamniederrhein.de\/index.php\/wp-json\/wp\/v2\/pages\/3813\/revisions"}],"predecessor-version":[{"id":4189,"href":"https:\/\/haushaltsaufloesungenamniederrhein.de\/index.php\/wp-json\/wp\/v2\/pages\/3813\/revisions\/4189"}],"wp:attachment":[{"href":"https:\/\/haushaltsaufloesungenamniederrhein.de\/index.php\/wp-json\/wp\/v2\/media?parent=3813"}],"curies":[{"name":"wp","href":"https:\/\/api.w.org\/{rel}","templated":true}]}}